{"id":4403,"date":"2026-03-25T17:22:31","date_gmt":"2026-03-25T17:22:31","guid":{"rendered":"https:\/\/dutydobrasil.com.br\/dt\/?post_type=product&#038;p=4403"},"modified":"2026-03-25T17:31:48","modified_gmt":"2026-03-25T17:31:48","slug":"ametista-26-pes","status":"publish","type":"product","link":"https:\/\/dutydobrasil.com.br\/dt\/produto\/ametista-26-pes\/","title":{"rendered":"Ametista 26 p\u00e9s"},"content":{"rendered":"","protected":false},"excerpt":{"rendered":"<p><strong>Conhe\u00e7a a Nova Ametista 26\u2019 \u2013 Espa\u00e7o, Estilo e Alta Performance!\u00a0<\/strong><\/p>\n<p>Procurando uma embarca\u00e7\u00e3o que une o tamanho ideal com a leveza do alum\u00ednio naval? A <strong>Ametista 26 p\u00e9s<\/strong> foi projetada para quem exige versatilidade, seja para o transporte de passageiros, fiscaliza\u00e7\u00e3o ou aquele lazer inesquec\u00edvel com a fam\u00edlia e amigos.<\/p>\n<p><strong>O que faz a Ametista 26 ser \u00fanica?<\/strong><\/p>\n<ul>\n<li>\ud83d\udccf <strong>8 Metros de Liberdade:<\/strong> Espa\u00e7o otimizado para at\u00e9 11 pessoas navegarem com conforto.<\/li>\n<li>\ud83c\udf0a <strong>Navegue onde outros n\u00e3o chegam:<\/strong> Com apenas 0,16 m de calado, ela \u00e9 perfeita para diversas profundidades.<\/li>\n<li>\ud83d\ude80 <strong>Efici\u00eancia e Pot\u00eancia:<\/strong> Para motores de 90 a 170 HP.<\/li>\n<li>\ud83d\udee1\ufe0f <strong>Durabilidade Extrema:<\/strong> Constru\u00edda em Alum\u00ednio Naval de alta qualidade (Fundo 2,5mm \/ Costado 2mm).<\/li>\n<\/ul>\n<p><strong>Personalize do seu jeito:<\/strong><\/p>\n<p>Deixe sua Ametista completa com Console Central, Piso em EVA, Viveiro, Capota Retr\u00e1til e Pintura!<\/p>\n<p>\ud83d\udc49 <strong>Sua pr\u00f3xima conquista est\u00e1 a uma mensagem de dist\u00e2ncia.<\/strong><\/p>\n<p>\ud83d\udce9 <strong>Solicite seu or\u00e7amento agora e confira nossas condi\u00e7\u00f5es especiais!<\/strong><\/p>\n","protected":false},"featured_media":4407,"comment_status":"open","ping_status":"closed","template":"","meta":{"site-sidebar-layout":"default","site-content-layout":"","ast-site-content-layout":"default","site-content-style":"default","site-sidebar-style":"default","ast-global-header-display":"","ast-banner-title-visibility":"","ast-main-header-display":"","ast-hfb-above-header-display":"","ast-hfb-below-header-display":"","ast-hfb-mobile-header-display":"","site-post-title":"","ast-breadcrumbs-content":"","ast-featured-img":"","footer-sml-layout":"","ast-disable-related-posts":"","theme-transparent-header-meta":"default","adv-header-id-meta":"","stick-header-meta":"","header-above-stick-meta":"","header-main-stick-meta":"","header-below-stick-meta":"","astra-migrate-meta-layouts":"set","ast-page-background-enabled":"default","ast-page-background-meta":{"desktop":{"background-color":"","background-image":"","background-repeat":"repeat","background-position":"center center","background-size":"auto","background-attachment":"scroll","background-type":"","background-media":"","overlay-type":"","overlay-color":"","overlay-opacity":"","overlay-gradient":""},"tablet":{"background-color":"","background-image":"","background-repeat":"repeat","background-position":"center center","background-size":"auto","background-attachment":"scroll","background-type":"","background-media":"","overlay-type":"","overlay-color":"","overlay-opacity":"","overlay-gradient":""},"mobile":{"background-color":"","background-image":"","background-repeat":"repeat","background-position":"center center","background-size":"auto","background-attachment":"scroll","background-type":"","background-media":"","overlay-type":"","overlay-color":"","overlay-opacity":"","overlay-gradient":""}},"ast-content-background-meta":{"desktop":{"background-color":"var(--ast-global-color-5)","background-image":"","background-repeat":"repeat","background-position":"center center","background-size":"auto","background-attachment":"scroll","background-type":"","background-media":"","overlay-type":"","overlay-color":"","overlay-opacity":"","overlay-gradient":""},"tablet":{"background-color":"var(--ast-global-color-5)","background-image":"","background-repeat":"repeat","background-position":"center center","background-size":"auto","background-attachment":"scroll","background-type":"","background-media":"","overlay-type":"","overlay-color":"","overlay-opacity":"","overlay-gradient":""},"mobile":{"background-color":"var(--ast-global-color-5)","background-image":"","background-repeat":"repeat","background-position":"center center","background-size":"auto","background-attachment":"scroll","background-type":"","background-media":"","overlay-type":"","overlay-color":"","overlay-opacity":"","overlay-gradient":""}}},"product_brand":[],"product_cat":[83,48],"product_tag":[],"class_list":{"0":"post-4403","1":"product","2":"type-product","3":"status-publish","4":"has-post-thumbnail","6":"product_cat-aluminio-naval","7":"product_cat-embarcacoes","8":"desktop-align-left","9":"tablet-align-left","10":"mobile-align-left","12":"first","13":"onbackorder","14":"shipping-taxable","15":"purchasable","16":"product-type-simple"},"jetpack_sharing_enabled":true,"_links":{"self":[{"href":"https:\/\/dutydobrasil.com.br\/dt\/wp-json\/wp\/v2\/product\/4403","targetHints":{"allow":["GET"]}}],"collection":[{"href":"https:\/\/dutydobrasil.com.br\/dt\/wp-json\/wp\/v2\/product"}],"about":[{"href":"https:\/\/dutydobrasil.com.br\/dt\/wp-json\/wp\/v2\/types\/product"}],"replies":[{"embeddable":true,"href":"https:\/\/dutydobrasil.com.br\/dt\/wp-json\/wp\/v2\/comments?post=4403"}],"version-history":[{"count":1,"href":"https:\/\/dutydobrasil.com.br\/dt\/wp-json\/wp\/v2\/product\/4403\/revisions"}],"predecessor-version":[{"id":4418,"href":"https:\/\/dutydobrasil.com.br\/dt\/wp-json\/wp\/v2\/product\/4403\/revisions\/4418"}],"wp:featuredmedia":[{"embeddable":true,"href":"https:\/\/dutydobrasil.com.br\/dt\/wp-json\/wp\/v2\/media\/4407"}],"wp:attachment":[{"href":"https:\/\/dutydobrasil.com.br\/dt\/wp-json\/wp\/v2\/media?parent=4403"}],"wp:term":[{"taxonomy":"product_brand","embeddable":true,"href":"https:\/\/dutydobrasil.com.br\/dt\/wp-json\/wp\/v2\/product_brand?post=4403"},{"taxonomy":"product_cat","embeddable":true,"href":"https:\/\/dutydobrasil.com.br\/dt\/wp-json\/wp\/v2\/product_cat?post=4403"},{"taxonomy":"product_tag","embeddable":true,"href":"https:\/\/dutydobrasil.com.br\/dt\/wp-json\/wp\/v2\/product_tag?post=4403"}],"curies":[{"name":"wp","href":"https:\/\/api.w.org\/{rel}","templated":true}]}}