{"id":4369,"date":"2026-01-05T20:10:24","date_gmt":"2026-01-05T20:10:24","guid":{"rendered":"https:\/\/dutydobrasil.com.br\/dt\/?post_type=product&#038;p=4369"},"modified":"2026-01-05T20:14:29","modified_gmt":"2026-01-05T20:14:29","slug":"bote-semi-rigido-workboat-br-wb38","status":"publish","type":"product","link":"https:\/\/dutydobrasil.com.br\/dt\/produto\/bote-semi-rigido-workboat-br-wb38\/","title":{"rendered":"Bote Semi-R\u00edgido WORKBOAT BR WB38"},"content":{"rendered":"","protected":false},"excerpt":{"rendered":"<p><strong>WORKBOAT BR WB38<\/strong><\/p>\n<p><strong>ESPECIFICA\u00c7\u00d5ES T\u00c9CNICAS<\/strong><\/p>\n<p><strong>CONSTRU\u00c7\u00c3O DO<br \/>\nCASCO E CONV\u00c9S<\/strong><\/p>\n<ul>\n<li>Estrutura em fibra de vidro multilaminada com resina poli\u00e9ster ortoft\u00e1lica<\/li>\n<li>Manta de vidro 450 g\/m\u00b2 e tecido refor\u00e7ado<\/li>\n<li>Estrutura tipo sandu\u00edche, espessura m\u00ednima de 6 cm<\/li>\n<li>Quilha central refor\u00e7ada<\/li>\n<li>Acabamento em gelcoat isoft\u00e1lico com prote\u00e7\u00e3o UV<\/li>\n<li>Piso antiderrapante moldado<\/li>\n<li>Caixa de \u00e2ncora com tampa (sem estofamento \u2013 opcional)<\/li>\n<li>Dois buj\u00f5es para drenagem<\/li>\n<li>03 (tr\u00eas) U-bolts inox (2 popa \/ 1 proa) ou 5 (cinco) caso seja i\u00e7ado<\/li>\n<\/ul>\n<p><strong>DIMENS\u00d5ES E CAPACIDADE:<\/strong><\/p>\n<ul>\n<li>Comprimento total: 3,80m<\/li>\n<li>Comprimento interno: 2,88m<\/li>\n<li>Altura (Pontal): 0,80m<\/li>\n<li>Largura externa com flutuador: 1,93m<\/li>\n<li>Largura interna: 1,05m<\/li>\n<li>Linha D\u2019 \u00e1gua: 0,13cm<\/li>\n<li>Peso: 110kg<\/li>\n<li>Carga m\u00e1xima: 950kg<\/li>\n<li>Capacidade: 6 Passageiros<\/li>\n<li>Motoriza\u00e7\u00e3o recomendada: at\u00e9 50Hp<\/li>\n<li>Medidas da Caixa de ancora: L 0,85m x C 0,69m x A: 0,28cm<\/li>\n<\/ul>\n<p><strong>CONSTRU\u00c7\u00c3O DO FLUTUADOR<\/strong><\/p>\n<ul>\n<li>Formato em \u201cU\u201d<\/li>\n<li>PVC n\u00e1utico com aditivo anti-UV<\/li>\n<li>Processo de montagem por vulcaniza\u00e7\u00e3o a frio<\/li>\n<li>Parabordo em borracha em todo o contorno<\/li>\n<li>Life-line nas laterais<\/li>\n<li>4 (quatro) compartimentos de ar independentes<\/li>\n<li>V\u00e1lvulas individuais<\/li>\n<li>Di\u00e2metro: 0,45 m<\/li>\n<li>Suportes internos para 2 remos<\/li>\n<li>5 (cinco) al\u00e7as de transporte (3 proa \/ 2 popa)<\/li>\n<li>2 (dois) Suportes Articulados para Remos em PVC Nautico (opcional)<\/li>\n<\/ul>\n<p><strong>CORES E GRAFISMO<\/strong><\/p>\n<ul>\n<li>Formato em \u201cU\u201d.<br \/>\nConfeccionado em PVC n\u00e1utico com agentes anti-UV, assemblado por vulcaniza\u00e7\u00e3o a frio.<\/li>\n<li>Perfil de borracha (parabordo) em todo o contorno para prote\u00e7\u00e3o.<\/li>\n<li>Life-line nas laterais do infl\u00e1vel.<\/li>\n<li>Tr\u00eas compartimentos de ar independentes, cada um com v\u00e1lvula.<\/li>\n<li>Di\u00e2metro dos flutuadores: 0,45 m.<\/li>\n<li>Dois suportes internos para fixar remos.<\/li>\n<li>Quatro al\u00e7as de transporte (duas na proa e duas na popa).<\/li>\n<\/ul>\n<p><strong>CORES E GRAFISCMO DO INFL\u00c1VEL<\/strong><\/p>\n<ul>\n<li>Cores personalizado conforme solicita\u00e7\u00e3o<\/li>\n<li>Grafismos e inscri\u00e7\u00f5es personaliz\u00e1veis<\/li>\n<\/ul>\n<p><strong>ACESS\u00d3RIOS B\u00c1SICOS<\/strong><\/p>\n<ul>\n<li>1 par de remos<\/li>\n<li>1 kit de reparos<\/li>\n<li>1 (um) fole de enchimento<\/li>\n<li>2 (dois) drenos\/bueiros para esgotamento<\/li>\n<li>1 (uma) Bolsa para Transporte de Certificado de Garantia, Kit de Reparos e Manual<\/li>\n<\/ul>\n<p><strong>MOTORIZA\u00c7\u00c3O RECOMENDADA<\/strong><\/p>\n<ul>\n<li>Motores de popa at\u00e9 50 HP<\/li>\n<li>Compat\u00edvel com marcas: Mercury, Yamaha, Suzuki, Anmax, Hidea e Toyama (N\u00c3O acompanha motoriza\u00e7\u00e3o \u2013 Opcional)<\/li>\n<\/ul>\n<p><strong>GARANTIA<\/strong><\/p>\n<ul>\n<li>12 meses para uso profissional, policial ou militar<br \/>\n\u2022 36 meses para uso recreativo<\/li>\n<\/ul>\n","protected":false},"featured_media":4370,"comment_status":"open","ping_status":"closed","template":"","meta":{"site-sidebar-layout":"default","site-content-layout":"","ast-site-content-layout":"default","site-content-style":"default","site-sidebar-style":"default","ast-global-header-display":"","ast-banner-title-visibility":"","ast-main-header-display":"","ast-hfb-above-header-display":"","ast-hfb-below-header-display":"","ast-hfb-mobile-header-display":"","site-post-title":"","ast-breadcrumbs-content":"","ast-featured-img":"","footer-sml-layout":"","ast-disable-related-posts":"","theme-transparent-header-meta":"default","adv-header-id-meta":"","stick-header-meta":"","header-above-stick-meta":"","header-main-stick-meta":"","header-below-stick-meta":"","astra-migrate-meta-layouts":"set","ast-page-background-enabled":"default","ast-page-background-meta":{"desktop":{"background-color":"","background-image":"","background-repeat":"repeat","background-position":"center center","background-size":"auto","background-attachment":"scroll","background-type":"","background-media":"","overlay-type":"","overlay-color":"","overlay-opacity":"","overlay-gradient":""},"tablet":{"background-color":"","background-image":"","background-repeat":"repeat","background-position":"center center","background-size":"auto","background-attachment":"scroll","background-type":"","background-media":"","overlay-type":"","overlay-color":"","overlay-opacity":"","overlay-gradient":""},"mobile":{"background-color":"","background-image":"","background-repeat":"repeat","background-position":"center center","background-size":"auto","background-attachment":"scroll","background-type":"","background-media":"","overlay-type":"","overlay-color":"","overlay-opacity":"","overlay-gradient":""}},"ast-content-background-meta":{"desktop":{"background-color":"var(--ast-global-color-5)","background-image":"","background-repeat":"repeat","background-position":"center center","background-size":"auto","background-attachment":"scroll","background-type":"","background-media":"","overlay-type":"","overlay-color":"","overlay-opacity":"","overlay-gradient":""},"tablet":{"background-color":"var(--ast-global-color-5)","background-image":"","background-repeat":"repeat","background-position":"center center","background-size":"auto","background-attachment":"scroll","background-type":"","background-media":"","overlay-type":"","overlay-color":"","overlay-opacity":"","overlay-gradient":""},"mobile":{"background-color":"var(--ast-global-color-5)","background-image":"","background-repeat":"repeat","background-position":"center center","background-size":"auto","background-attachment":"scroll","background-type":"","background-media":"","overlay-type":"","overlay-color":"","overlay-opacity":"","overlay-gradient":""}}},"product_brand":[],"product_cat":[82,48,15],"product_tag":[],"class_list":{"0":"post-4369","1":"product","2":"type-product","3":"status-publish","4":"has-post-thumbnail","6":"product_cat-bote-semi-rigido","7":"product_cat-embarcacoes","8":"product_cat-sem-categoria","9":"desktop-align-left","10":"tablet-align-left","11":"mobile-align-left","13":"first","14":"onbackorder","15":"shipping-taxable","16":"purchasable","17":"product-type-simple"},"jetpack_sharing_enabled":true,"_links":{"self":[{"href":"https:\/\/dutydobrasil.com.br\/dt\/wp-json\/wp\/v2\/product\/4369","targetHints":{"allow":["GET"]}}],"collection":[{"href":"https:\/\/dutydobrasil.com.br\/dt\/wp-json\/wp\/v2\/product"}],"about":[{"href":"https:\/\/dutydobrasil.com.br\/dt\/wp-json\/wp\/v2\/types\/product"}],"replies":[{"embeddable":true,"href":"https:\/\/dutydobrasil.com.br\/dt\/wp-json\/wp\/v2\/comments?post=4369"}],"version-history":[{"count":2,"href":"https:\/\/dutydobrasil.com.br\/dt\/wp-json\/wp\/v2\/product\/4369\/revisions"}],"predecessor-version":[{"id":4381,"href":"https:\/\/dutydobrasil.com.br\/dt\/wp-json\/wp\/v2\/product\/4369\/revisions\/4381"}],"wp:featuredmedia":[{"embeddable":true,"href":"https:\/\/dutydobrasil.com.br\/dt\/wp-json\/wp\/v2\/media\/4370"}],"wp:attachment":[{"href":"https:\/\/dutydobrasil.com.br\/dt\/wp-json\/wp\/v2\/media?parent=4369"}],"wp:term":[{"taxonomy":"product_brand","embeddable":true,"href":"https:\/\/dutydobrasil.com.br\/dt\/wp-json\/wp\/v2\/product_brand?post=4369"},{"taxonomy":"product_cat","embeddable":true,"href":"https:\/\/dutydobrasil.com.br\/dt\/wp-json\/wp\/v2\/product_cat?post=4369"},{"taxonomy":"product_tag","embeddable":true,"href":"https:\/\/dutydobrasil.com.br\/dt\/wp-json\/wp\/v2\/product_tag?post=4369"}],"curies":[{"name":"wp","href":"https:\/\/api.w.org\/{rel}","templated":true}]}}