{"id":4321,"date":"2025-06-24T17:22:04","date_gmt":"2025-06-24T17:22:04","guid":{"rendered":"https:\/\/dutydobrasil.com.br\/dt\/?post_type=product&#038;p=4321"},"modified":"2026-01-05T19:54:37","modified_gmt":"2026-01-05T19:54:37","slug":"container-escritorio-com-banheiro-e-chuveiro","status":"publish","type":"product","link":"https:\/\/dutydobrasil.com.br\/dt\/produto\/container-escritorio-com-banheiro-e-chuveiro\/","title":{"rendered":"Container Escrit\u00f3rio com Banheiro e Chuveiro"},"content":{"rendered":"","protected":false},"excerpt":{"rendered":"<ul>\n<li><strong>CE003 \u2013 Container Escrit\u00f3rio com Banheiro e Chuveiro<\/strong><\/li>\n<li>O container escrit\u00f3rio \u00e9 a solu\u00e7\u00e3o ideal para empreendimentos que precisam de um espa\u00e7o tempor\u00e1rio, com layout e tamanho personalizados conforme sua necessidade.<br \/>\nAmplamente utilizado em feiras, eventos, fazendas, empresas e muito mais.<\/li>\n<li><strong>Vantagens:<\/strong><br \/>\nRedu\u00e7\u00e3o de custos<br \/>\n\u2022 Alta durabilidade<br \/>\n\u2022 Praticidade na instala\u00e7\u00e3o e uso<\/li>\n<li><strong>Caracter\u00edsticas principais:<\/strong><br \/>\nFabricado em <strong>a\u00e7o galvanizado<\/strong> com pintura automotiva de alta resist\u00eancia<br \/>\n\u2022 Base com <strong>piso em chapa xadrez revestida com cer\u00e2mica antiderrapante<\/strong><br \/>\n\u2022 <strong>P\u00e9s ajust\u00e1veis<\/strong> para nivelamento em diferentes terrenos<br \/>\n\u2022 Janela de correr em <strong>alum\u00ednio e vidro<\/strong> para ventila\u00e7\u00e3o e ilumina\u00e7\u00e3o natural<br \/>\n\u2022 Op\u00e7\u00e3o de <strong>isolamento termoac\u00fastico<\/strong> para maior conforto<br \/>\n\u2022 Suporta instala\u00e7\u00e3o de <strong>ar-condicionado<\/strong><br \/>\n\u2022 Rede el\u00e9trica <strong>220V<\/strong> completa<br \/>\n\u2022 Rede hidr\u00e1ulica no banheiro equipada<br \/>\n\u2022 Porta do banheiro com op\u00e7\u00e3o de abertura <strong>interna ou externa<\/strong><br \/>\n\u2022 <strong>Totalmente personaliz\u00e1vel<\/strong> conforme seu projeto<\/li>\n<li><strong>Medidas padr\u00e3o:<\/strong><br \/>\nAltura: 2,50 m<br \/>\n\u2022 Largura: 2,30 m<br \/>\n\u2022 Comprimento: 6,00 m<br \/>\n\u2022 Cor: a definir conforme prefer\u00eancia<\/li>\n<li><em>Conte com um container vers\u00e1til e funcional, adaptado \u00e0s suas necessidades.<\/em><\/li>\n<\/ul>\n","protected":false},"featured_media":4338,"comment_status":"open","ping_status":"closed","template":"","meta":{"site-sidebar-layout":"default","site-content-layout":"","ast-site-content-layout":"default","site-content-style":"default","site-sidebar-style":"default","ast-global-header-display":"","ast-banner-title-visibility":"","ast-main-header-display":"","ast-hfb-above-header-display":"","ast-hfb-below-header-display":"","ast-hfb-mobile-header-display":"","site-post-title":"","ast-breadcrumbs-content":"","ast-featured-img":"","footer-sml-layout":"","ast-disable-related-posts":"","theme-transparent-header-meta":"default","adv-header-id-meta":"","stick-header-meta":"","header-above-stick-meta":"","header-main-stick-meta":"","header-below-stick-meta":"","astra-migrate-meta-layouts":"set","ast-page-background-enabled":"default","ast-page-background-meta":{"desktop":{"background-color":"","background-image":"","background-repeat":"repeat","background-position":"center center","background-size":"auto","background-attachment":"scroll","background-type":"","background-media":"","overlay-type":"","overlay-color":"","overlay-opacity":"","overlay-gradient":""},"tablet":{"background-color":"","background-image":"","background-repeat":"repeat","background-position":"center center","background-size":"auto","background-attachment":"scroll","background-type":"","background-media":"","overlay-type":"","overlay-color":"","overlay-opacity":"","overlay-gradient":""},"mobile":{"background-color":"","background-image":"","background-repeat":"repeat","background-position":"center center","background-size":"auto","background-attachment":"scroll","background-type":"","background-media":"","overlay-type":"","overlay-color":"","overlay-opacity":"","overlay-gradient":""}},"ast-content-background-meta":{"desktop":{"background-color":"var(--ast-global-color-5)","background-image":"","background-repeat":"repeat","background-position":"center center","background-size":"auto","background-attachment":"scroll","background-type":"","background-media":"","overlay-type":"","overlay-color":"","overlay-opacity":"","overlay-gradient":""},"tablet":{"background-color":"var(--ast-global-color-5)","background-image":"","background-repeat":"repeat","background-position":"center center","background-size":"auto","background-attachment":"scroll","background-type":"","background-media":"","overlay-type":"","overlay-color":"","overlay-opacity":"","overlay-gradient":""},"mobile":{"background-color":"var(--ast-global-color-5)","background-image":"","background-repeat":"repeat","background-position":"center center","background-size":"auto","background-attachment":"scroll","background-type":"","background-media":"","overlay-type":"","overlay-color":"","overlay-opacity":"","overlay-gradient":""}}},"product_brand":[],"product_cat":[79],"product_tag":[],"class_list":{"0":"post-4321","1":"product","2":"type-product","3":"status-publish","4":"has-post-thumbnail","6":"product_cat-containers","7":"desktop-align-left","8":"tablet-align-left","9":"mobile-align-left","11":"first","12":"onbackorder","13":"shipping-taxable","14":"purchasable","15":"product-type-simple"},"jetpack_sharing_enabled":true,"_links":{"self":[{"href":"https:\/\/dutydobrasil.com.br\/dt\/wp-json\/wp\/v2\/product\/4321","targetHints":{"allow":["GET"]}}],"collection":[{"href":"https:\/\/dutydobrasil.com.br\/dt\/wp-json\/wp\/v2\/product"}],"about":[{"href":"https:\/\/dutydobrasil.com.br\/dt\/wp-json\/wp\/v2\/types\/product"}],"replies":[{"embeddable":true,"href":"https:\/\/dutydobrasil.com.br\/dt\/wp-json\/wp\/v2\/comments?post=4321"}],"version-history":[{"count":1,"href":"https:\/\/dutydobrasil.com.br\/dt\/wp-json\/wp\/v2\/product\/4321\/revisions"}],"predecessor-version":[{"id":4343,"href":"https:\/\/dutydobrasil.com.br\/dt\/wp-json\/wp\/v2\/product\/4321\/revisions\/4343"}],"wp:featuredmedia":[{"embeddable":true,"href":"https:\/\/dutydobrasil.com.br\/dt\/wp-json\/wp\/v2\/media\/4338"}],"wp:attachment":[{"href":"https:\/\/dutydobrasil.com.br\/dt\/wp-json\/wp\/v2\/media?parent=4321"}],"wp:term":[{"taxonomy":"product_brand","embeddable":true,"href":"https:\/\/dutydobrasil.com.br\/dt\/wp-json\/wp\/v2\/product_brand?post=4321"},{"taxonomy":"product_cat","embeddable":true,"href":"https:\/\/dutydobrasil.com.br\/dt\/wp-json\/wp\/v2\/product_cat?post=4321"},{"taxonomy":"product_tag","embeddable":true,"href":"https:\/\/dutydobrasil.com.br\/dt\/wp-json\/wp\/v2\/product_tag?post=4321"}],"curies":[{"name":"wp","href":"https:\/\/api.w.org\/{rel}","templated":true}]}}