{"id":4123,"date":"2023-05-12T17:33:19","date_gmt":"2023-05-12T17:33:19","guid":{"rendered":"https:\/\/dutydobrasil.com.br\/dt\/?post_type=product&#038;p=4123"},"modified":"2026-01-05T19:54:43","modified_gmt":"2026-01-05T19:54:43","slug":"banheiro-organico-120x-120-x-220m-duty-do-brasil","status":"publish","type":"product","link":"https:\/\/dutydobrasil.com.br\/dt\/produto\/banheiro-organico-120x-120-x-220m-duty-do-brasil\/","title":{"rendered":"Banheiro Org\u00e2nico 1,20x 1,20 x 2,20m"},"content":{"rendered":"","protected":false},"excerpt":{"rendered":"<div class=\"woocommerce-product-details__short-description\">\n<p>Banheiro org\u00e2nico Duty do Brasil<br \/>\nMedidas 1,20 x 1,20 x 2,20m<br \/>\nO sanit\u00e1rio convencional possui vaso de lou\u00e7a sifonado com caixa de descarga e lavat\u00f3rio. Sa\u00edda do tubo do esgoto (4\u2033) pela lateral da guarita, facilitando a instala\u00e7\u00e3o. A entrada d&#8217;\u00e1gua pode ser engatada com mangueira ou tubo 3\/4\u2033.<br \/>\nCores: a definir pelo cliente<br \/>\nO banheiro possui ventila\u00e7\u00e3o permanente.<br \/>\nFechaduras e dobradi\u00e7as em a\u00e7o<br \/>\n02 chaves<br \/>\nEl\u00e9trica<br \/>\nPonto de luz<br \/>\nInterruptor<br \/>\nPiso antiderrapante em fibra de vidro<br \/>\nF\u00e1cil limpeza e manuten\u00e7\u00e3o<br \/>\nResistente a intemp\u00e9ries, umidade e raios UV.<br \/>\nGrande durabilidade<br \/>\n<strong>OPCIONAIS:<\/strong><br \/>\nPiso emborrachado<\/p>\n<p><strong>*Produto desenvolvido e fabricado pela DUTY DO BRASIL.<\/strong><\/p>\n<\/div>\n","protected":false},"featured_media":4132,"comment_status":"open","ping_status":"closed","template":"","meta":{"site-sidebar-layout":"default","site-content-layout":"default","ast-site-content-layout":"default","site-content-style":"default","site-sidebar-style":"default","ast-global-header-display":"","ast-banner-title-visibility":"","ast-main-header-display":"","ast-hfb-above-header-display":"","ast-hfb-below-header-display":"","ast-hfb-mobile-header-display":"","site-post-title":"","ast-breadcrumbs-content":"","ast-featured-img":"","footer-sml-layout":"","ast-disable-related-posts":"","theme-transparent-header-meta":"default","adv-header-id-meta":"","stick-header-meta":"","header-above-stick-meta":"","header-main-stick-meta":"","header-below-stick-meta":"","astra-migrate-meta-layouts":"set","ast-page-background-enabled":"default","ast-page-background-meta":{"desktop":{"background-color":"","background-image":"","background-repeat":"repeat","background-position":"center center","background-size":"auto","background-attachment":"scroll","background-type":"","background-media":"","overlay-type":"","overlay-color":"","overlay-opacity":"","overlay-gradient":""},"tablet":{"background-color":"","background-image":"","background-repeat":"repeat","background-position":"center center","background-size":"auto","background-attachment":"scroll","background-type":"","background-media":"","overlay-type":"","overlay-color":"","overlay-opacity":"","overlay-gradient":""},"mobile":{"background-color":"","background-image":"","background-repeat":"repeat","background-position":"center center","background-size":"auto","background-attachment":"scroll","background-type":"","background-media":"","overlay-type":"","overlay-color":"","overlay-opacity":"","overlay-gradient":""}},"ast-content-background-meta":{"desktop":{"background-color":"var(--ast-global-color-5)","background-image":"","background-repeat":"repeat","background-position":"center center","background-size":"auto","background-attachment":"scroll","background-type":"","background-media":"","overlay-type":"","overlay-color":"","overlay-opacity":"","overlay-gradient":""},"tablet":{"background-color":"var(--ast-global-color-5)","background-image":"","background-repeat":"repeat","background-position":"center center","background-size":"auto","background-attachment":"scroll","background-type":"","background-media":"","overlay-type":"","overlay-color":"","overlay-opacity":"","overlay-gradient":""},"mobile":{"background-color":"var(--ast-global-color-5)","background-image":"","background-repeat":"repeat","background-position":"center center","background-size":"auto","background-attachment":"scroll","background-type":"","background-media":"","overlay-type":"","overlay-color":"","overlay-opacity":"","overlay-gradient":""}}},"product_brand":[],"product_cat":[76,52],"product_tag":[],"class_list":{"0":"post-4123","1":"product","2":"type-product","3":"status-publish","4":"has-post-thumbnail","6":"product_cat-banheiro-organico","7":"product_cat-banheiro","8":"desktop-align-left","9":"tablet-align-left","10":"mobile-align-left","12":"first","13":"onbackorder","14":"shipping-taxable","15":"purchasable","16":"product-type-simple"},"jetpack_sharing_enabled":true,"_links":{"self":[{"href":"https:\/\/dutydobrasil.com.br\/dt\/wp-json\/wp\/v2\/product\/4123","targetHints":{"allow":["GET"]}}],"collection":[{"href":"https:\/\/dutydobrasil.com.br\/dt\/wp-json\/wp\/v2\/product"}],"about":[{"href":"https:\/\/dutydobrasil.com.br\/dt\/wp-json\/wp\/v2\/types\/product"}],"replies":[{"embeddable":true,"href":"https:\/\/dutydobrasil.com.br\/dt\/wp-json\/wp\/v2\/comments?post=4123"}],"version-history":[{"count":8,"href":"https:\/\/dutydobrasil.com.br\/dt\/wp-json\/wp\/v2\/product\/4123\/revisions"}],"predecessor-version":[{"id":4295,"href":"https:\/\/dutydobrasil.com.br\/dt\/wp-json\/wp\/v2\/product\/4123\/revisions\/4295"}],"wp:featuredmedia":[{"embeddable":true,"href":"https:\/\/dutydobrasil.com.br\/dt\/wp-json\/wp\/v2\/media\/4132"}],"wp:attachment":[{"href":"https:\/\/dutydobrasil.com.br\/dt\/wp-json\/wp\/v2\/media?parent=4123"}],"wp:term":[{"taxonomy":"product_brand","embeddable":true,"href":"https:\/\/dutydobrasil.com.br\/dt\/wp-json\/wp\/v2\/product_brand?post=4123"},{"taxonomy":"product_cat","embeddable":true,"href":"https:\/\/dutydobrasil.com.br\/dt\/wp-json\/wp\/v2\/product_cat?post=4123"},{"taxonomy":"product_tag","embeddable":true,"href":"https:\/\/dutydobrasil.com.br\/dt\/wp-json\/wp\/v2\/product_tag?post=4123"}],"curies":[{"name":"wp","href":"https:\/\/api.w.org\/{rel}","templated":true}]}}