{"id":3964,"date":"2022-11-17T18:26:56","date_gmt":"2022-11-17T18:26:56","guid":{"rendered":"https:\/\/dutydobrasil.com.br\/dt\/?post_type=product&#038;p=3964"},"modified":"2023-07-14T11:26:53","modified_gmt":"2023-07-14T11:26:53","slug":"caiaque-duplo-talisma-com-caixa-termica-pesca-e-lazer","status":"publish","type":"product","link":"https:\/\/dutydobrasil.com.br\/dt\/produto\/caiaque-duplo-talisma-com-caixa-termica-pesca-e-lazer\/","title":{"rendered":"Caiaque duplo Talism\u00e3 com caixa Termica &#8211; Pesca e Lazer"},"content":{"rendered":"","protected":false},"excerpt":{"rendered":"<p>Caiaque duplo Talism\u00e3 com caixa Termica &#8211; Pesca e Lazer<br \/>\nO Caiaque duplo Talism\u00e3 foi desenvolvido para pesca e lazer com o melhor custo benef\u00edcio do mercado.<br \/>\nRecomendado para pesca e lazer em mar, lagos e rios de \u00e1guas calmas.<br \/>\nNosso caiaque \u00e9 moderno e com performasse com uma serie de melhorias que \u00e9 sucesso de vendas.<br \/>\nO Caiaque duplo Talism\u00e3 \u00e9 fabricado em fibra de vidro de alta resist\u00eancia.<br \/>\nBoa estabilidade, f\u00e1cil de remar e com total seguran\u00e7a.<br \/>\nAcompanha 02 remos duplo.<br \/>\nAl\u00e9m disso, vem equipado com caixa t\u00e9rmica embutida de 16 litros.<br \/>\nN\u00e3o afunda, pois, tem casco estanque;<br \/>\nAuto dren\u00e1vel, furos escoam a \u00e1gua que entra no conv\u00e9s;<br \/>\nAssento e encosto r\u00edgido muito confort\u00e1vel;<br \/>\n04 porta varas;<br \/>\nSuporte para remo;<br \/>\nAl\u00e7as para transporte na proa e popa;<br \/>\n02 bagageiros com el\u00e1stico;<br \/>\n02 porta objetos estanque;<br \/>\nSuporte para garrafa de agua ou lata;<br \/>\nCompartimento para isca;<br \/>\nBuj\u00e3o de dreno;<\/p>\n<p>Especifica\u00e7\u00f5es:<br \/>\nComprimento 4,05m<br \/>\nAltura 0,24m<br \/>\nAltura com encosto 0,45m<br \/>\nLargura 0,80m<br \/>\nPeso 36 kg<br \/>\nCapacidade de carga 250 kg<\/p>\n<p><strong>Produto desenvolvido e fabricado pela DUTY DO BRASIL.<\/strong><\/p>\n","protected":false},"featured_media":3966,"comment_status":"open","ping_status":"closed","template":"","meta":{"site-sidebar-layout":"default","site-content-layout":"default","ast-site-content-layout":"default","site-content-style":"default","site-sidebar-style":"default","ast-global-header-display":"","ast-banner-title-visibility":"","ast-main-header-display":"","ast-hfb-above-header-display":"","ast-hfb-below-header-display":"","ast-hfb-mobile-header-display":"","site-post-title":"","ast-breadcrumbs-content":"","ast-featured-img":"","footer-sml-layout":"","ast-disable-related-posts":"","theme-transparent-header-meta":"default","adv-header-id-meta":"","stick-header-meta":"","header-above-stick-meta":"","header-main-stick-meta":"","header-below-stick-meta":"","astra-migrate-meta-layouts":"default","ast-page-background-enabled":"default","ast-page-background-meta":{"desktop":{"background-color":"","background-image":"","background-repeat":"repeat","background-position":"center center","background-size":"auto","background-attachment":"scroll","background-type":"","background-media":"","overlay-type":"","overlay-color":"","overlay-opacity":"","overlay-gradient":""},"tablet":{"background-color":"","background-image":"","background-repeat":"repeat","background-position":"center center","background-size":"auto","background-attachment":"scroll","background-type":"","background-media":"","overlay-type":"","overlay-color":"","overlay-opacity":"","overlay-gradient":""},"mobile":{"background-color":"","background-image":"","background-repeat":"repeat","background-position":"center center","background-size":"auto","background-attachment":"scroll","background-type":"","background-media":"","overlay-type":"","overlay-color":"","overlay-opacity":"","overlay-gradient":""}},"ast-content-background-meta":{"desktop":{"background-color":"var(--ast-global-color-5)","background-image":"","background-repeat":"repeat","background-position":"center center","background-size":"auto","background-attachment":"scroll","background-type":"","background-media":"","overlay-type":"","overlay-color":"","overlay-opacity":"","overlay-gradient":""},"tablet":{"background-color":"var(--ast-global-color-5)","background-image":"","background-repeat":"repeat","background-position":"center center","background-size":"auto","background-attachment":"scroll","background-type":"","background-media":"","overlay-type":"","overlay-color":"","overlay-opacity":"","overlay-gradient":""},"mobile":{"background-color":"var(--ast-global-color-5)","background-image":"","background-repeat":"repeat","background-position":"center center","background-size":"auto","background-attachment":"scroll","background-type":"","background-media":"","overlay-type":"","overlay-color":"","overlay-opacity":"","overlay-gradient":""}}},"product_brand":[],"product_cat":[45,46],"product_tag":[],"class_list":{"0":"post-3964","1":"product","2":"type-product","3":"status-publish","4":"has-post-thumbnail","6":"product_cat-caiaques","7":"product_cat-caiaques-caiaques","8":"desktop-align-left","9":"tablet-align-left","10":"mobile-align-left","12":"first","13":"onbackorder","14":"shipping-taxable","15":"purchasable","16":"product-type-simple"},"jetpack_sharing_enabled":true,"_links":{"self":[{"href":"https:\/\/dutydobrasil.com.br\/dt\/wp-json\/wp\/v2\/product\/3964","targetHints":{"allow":["GET"]}}],"collection":[{"href":"https:\/\/dutydobrasil.com.br\/dt\/wp-json\/wp\/v2\/product"}],"about":[{"href":"https:\/\/dutydobrasil.com.br\/dt\/wp-json\/wp\/v2\/types\/product"}],"replies":[{"embeddable":true,"href":"https:\/\/dutydobrasil.com.br\/dt\/wp-json\/wp\/v2\/comments?post=3964"}],"version-history":[{"count":3,"href":"https:\/\/dutydobrasil.com.br\/dt\/wp-json\/wp\/v2\/product\/3964\/revisions"}],"predecessor-version":[{"id":4112,"href":"https:\/\/dutydobrasil.com.br\/dt\/wp-json\/wp\/v2\/product\/3964\/revisions\/4112"}],"wp:featuredmedia":[{"embeddable":true,"href":"https:\/\/dutydobrasil.com.br\/dt\/wp-json\/wp\/v2\/media\/3966"}],"wp:attachment":[{"href":"https:\/\/dutydobrasil.com.br\/dt\/wp-json\/wp\/v2\/media?parent=3964"}],"wp:term":[{"taxonomy":"product_brand","embeddable":true,"href":"https:\/\/dutydobrasil.com.br\/dt\/wp-json\/wp\/v2\/product_brand?post=3964"},{"taxonomy":"product_cat","embeddable":true,"href":"https:\/\/dutydobrasil.com.br\/dt\/wp-json\/wp\/v2\/product_cat?post=3964"},{"taxonomy":"product_tag","embeddable":true,"href":"https:\/\/dutydobrasil.com.br\/dt\/wp-json\/wp\/v2\/product_tag?post=3964"}],"curies":[{"name":"wp","href":"https:\/\/api.w.org\/{rel}","templated":true}]}}