{"id":3952,"date":"2022-11-11T18:58:03","date_gmt":"2022-11-11T18:58:03","guid":{"rendered":"https:\/\/dutydobrasil.com.br\/dt\/?post_type=product&#038;p=3952"},"modified":"2023-02-28T18:39:54","modified_gmt":"2023-02-28T18:39:54","slug":"caiaque-talassa-para-pesca-e-lazer","status":"publish","type":"product","link":"https:\/\/dutydobrasil.com.br\/dt\/produto\/caiaque-talassa-para-pesca-e-lazer\/","title":{"rendered":"Caiaque T\u00e1lassa &#8211; para pesca e lazer"},"content":{"rendered":"","protected":false},"excerpt":{"rendered":"<p>Caiaque \u00a0T\u00e1lassa \u00a0&#8211; Pesca e Lazer<\/p>\n<p>O Caiaque T\u00e1lassa Duty do Brasil foi desenvolvido para pesca e lazer com o melhor custo benef\u00edcio do mercado.<\/p>\n<p>O Caiaque T\u00e1lassa \u00e9 fabricado em fibra de vidro de alta resist\u00eancia.<br \/>\nAcompanha 01 remo duplo.<br \/>\nFabricamos na cor que voc\u00ea desejar.<br \/>\nF\u00e1cil de remar;<br \/>\nN\u00e3o afunda, pois, tem casco estanque;<br \/>\nAuto dren\u00e1vel, furos escoam a \u00e1gua que entra no conv\u00e9s;<br \/>\nAssento e encosto r\u00edgido;<br \/>\nConfort\u00e1vel para pesca ou descansar;<br \/>\n02 porta varas;<br \/>\nSuporte para remo;<br \/>\nAl\u00e7as para transporte na proa e popa;<br \/>\n02 bagageiros com el\u00e1stico;<br \/>\n02 compartimentos para isca;<br \/>\nSuporte para garrafa de \u00e1gua ou lata;<br \/>\nCompartimento para isca;<br \/>\nBuj\u00e3o de dreno.<\/p>\n<p>Especifica\u00e7\u00f5es:<br \/>\nComprimento 3,00m<br \/>\nAltura 0,24m<br \/>\nAltura com encosto 0,45m<br \/>\nLargura 0,66m<br \/>\nPeso 26 kg<br \/>\nCapacidade de carga 120 kg<\/p>\n<p>**<strong>Produto desenvolvido e fabricado pela DUTY DO BRASIL<\/strong><\/p>\n","protected":false},"featured_media":3957,"comment_status":"open","ping_status":"closed","template":"","meta":{"site-sidebar-layout":"default","site-content-layout":"default","ast-site-content-layout":"default","site-content-style":"default","site-sidebar-style":"default","ast-global-header-display":"","ast-banner-title-visibility":"","ast-main-header-display":"","ast-hfb-above-header-display":"","ast-hfb-below-header-display":"","ast-hfb-mobile-header-display":"","site-post-title":"","ast-breadcrumbs-content":"","ast-featured-img":"","footer-sml-layout":"","ast-disable-related-posts":"","theme-transparent-header-meta":"default","adv-header-id-meta":"","stick-header-meta":"","header-above-stick-meta":"","header-main-stick-meta":"","header-below-stick-meta":"","astra-migrate-meta-layouts":"default","ast-page-background-enabled":"default","ast-page-background-meta":{"desktop":{"background-color":"","background-image":"","background-repeat":"repeat","background-position":"center center","background-size":"auto","background-attachment":"scroll","background-type":"","background-media":"","overlay-type":"","overlay-color":"","overlay-opacity":"","overlay-gradient":""},"tablet":{"background-color":"","background-image":"","background-repeat":"repeat","background-position":"center center","background-size":"auto","background-attachment":"scroll","background-type":"","background-media":"","overlay-type":"","overlay-color":"","overlay-opacity":"","overlay-gradient":""},"mobile":{"background-color":"","background-image":"","background-repeat":"repeat","background-position":"center center","background-size":"auto","background-attachment":"scroll","background-type":"","background-media":"","overlay-type":"","overlay-color":"","overlay-opacity":"","overlay-gradient":""}},"ast-content-background-meta":{"desktop":{"background-color":"var(--ast-global-color-5)","background-image":"","background-repeat":"repeat","background-position":"center center","background-size":"auto","background-attachment":"scroll","background-type":"","background-media":"","overlay-type":"","overlay-color":"","overlay-opacity":"","overlay-gradient":""},"tablet":{"background-color":"var(--ast-global-color-5)","background-image":"","background-repeat":"repeat","background-position":"center center","background-size":"auto","background-attachment":"scroll","background-type":"","background-media":"","overlay-type":"","overlay-color":"","overlay-opacity":"","overlay-gradient":""},"mobile":{"background-color":"var(--ast-global-color-5)","background-image":"","background-repeat":"repeat","background-position":"center center","background-size":"auto","background-attachment":"scroll","background-type":"","background-media":"","overlay-type":"","overlay-color":"","overlay-opacity":"","overlay-gradient":""}}},"product_brand":[],"product_cat":[45,46],"product_tag":[],"class_list":{"0":"post-3952","1":"product","2":"type-product","3":"status-publish","4":"has-post-thumbnail","6":"product_cat-caiaques","7":"product_cat-caiaques-caiaques","8":"desktop-align-left","9":"tablet-align-left","10":"mobile-align-left","12":"first","13":"onbackorder","14":"shipping-taxable","15":"purchasable","16":"product-type-simple"},"jetpack_sharing_enabled":true,"_links":{"self":[{"href":"https:\/\/dutydobrasil.com.br\/dt\/wp-json\/wp\/v2\/product\/3952","targetHints":{"allow":["GET"]}}],"collection":[{"href":"https:\/\/dutydobrasil.com.br\/dt\/wp-json\/wp\/v2\/product"}],"about":[{"href":"https:\/\/dutydobrasil.com.br\/dt\/wp-json\/wp\/v2\/types\/product"}],"replies":[{"embeddable":true,"href":"https:\/\/dutydobrasil.com.br\/dt\/wp-json\/wp\/v2\/comments?post=3952"}],"version-history":[{"count":5,"href":"https:\/\/dutydobrasil.com.br\/dt\/wp-json\/wp\/v2\/product\/3952\/revisions"}],"predecessor-version":[{"id":3962,"href":"https:\/\/dutydobrasil.com.br\/dt\/wp-json\/wp\/v2\/product\/3952\/revisions\/3962"}],"wp:featuredmedia":[{"embeddable":true,"href":"https:\/\/dutydobrasil.com.br\/dt\/wp-json\/wp\/v2\/media\/3957"}],"wp:attachment":[{"href":"https:\/\/dutydobrasil.com.br\/dt\/wp-json\/wp\/v2\/media?parent=3952"}],"wp:term":[{"taxonomy":"product_brand","embeddable":true,"href":"https:\/\/dutydobrasil.com.br\/dt\/wp-json\/wp\/v2\/product_brand?post=3952"},{"taxonomy":"product_cat","embeddable":true,"href":"https:\/\/dutydobrasil.com.br\/dt\/wp-json\/wp\/v2\/product_cat?post=3952"},{"taxonomy":"product_tag","embeddable":true,"href":"https:\/\/dutydobrasil.com.br\/dt\/wp-json\/wp\/v2\/product_tag?post=3952"}],"curies":[{"name":"wp","href":"https:\/\/api.w.org\/{rel}","templated":true}]}}