{"id":3496,"date":"2021-10-18T02:03:56","date_gmt":"2021-10-18T02:03:56","guid":{"rendered":"https:\/\/dutydobrasil.com.br\/dt\/?post_type=product&#038;p=3496"},"modified":"2023-05-12T19:06:49","modified_gmt":"2023-05-12T19:06:49","slug":"banheiro-duplo-premium","status":"publish","type":"product","link":"https:\/\/dutydobrasil.com.br\/dt\/produto\/banheiro-duplo-premium\/","title":{"rendered":"Banheiro duplo &#8211; premium"},"content":{"rendered":"<p>*Produto desenvolvido e fabricado pela DUTY DO BRASIL.<\/p>\n","protected":false},"excerpt":{"rendered":"<p> Banheiro org\u00e2nico modelo Premium<br \/>\nMedidas 1,20 x 2,40 x 2,20m<\/p>\n<p>O banheiro possui vaso sanit\u00e1rio e ventila\u00e7\u00e3o permanente atrav\u00e9s do teto.<br \/>\nA porta do banheiro pode ser interna ou externa.<br \/>\nOs banheiros possuem  vaso de lou\u00e7a acoplado, lavat\u00f3rio em lou\u00e7a sanit\u00e1ria, piso em porcelanato, porta papel em a\u00e7o inox, espelho, piso elevado. Sa\u00edda do tubo do esgoto (4\u2033) pela lateral da guarita, facilitando a instala\u00e7\u00e3o. A entrada d&#8217;\u00e1gua externa.<br \/>\nCores: a definir pelo cliente<br \/>\nFechaduras e dobradi\u00e7as em a\u00e7o<br \/>\n02 chaves<br \/>\nEl\u00e9trica<br \/>\nPonto de luz<br \/>\nInterruptor<br \/>\nF\u00e1cil limpeza e manuten\u00e7\u00e3o<br \/>\nResistente a intemp\u00e9ries, umidade e raios UV.<br \/>\nGrande durabilidade<br \/>\n*Produto desenvolvido e fabricado pela DUTY DO BRASIL.<\/p>\n","protected":false},"featured_media":3574,"comment_status":"closed","ping_status":"closed","template":"","meta":{"site-sidebar-layout":"default","site-content-layout":"","ast-site-content-layout":"default","site-content-style":"default","site-sidebar-style":"default","ast-global-header-display":"","ast-banner-title-visibility":"","ast-main-header-display":"","ast-hfb-above-header-display":"","ast-hfb-below-header-display":"","ast-hfb-mobile-header-display":"","site-post-title":"","ast-breadcrumbs-content":"","ast-featured-img":"","footer-sml-layout":"","ast-disable-related-posts":"","theme-transparent-header-meta":"","adv-header-id-meta":"","stick-header-meta":"","header-above-stick-meta":"","header-main-stick-meta":"","header-below-stick-meta":"","astra-migrate-meta-layouts":"default","ast-page-background-enabled":"default","ast-page-background-meta":{"desktop":{"background-color":"","background-image":"","background-repeat":"repeat","background-position":"center center","background-size":"auto","background-attachment":"scroll","background-type":"","background-media":"","overlay-type":"","overlay-color":"","overlay-opacity":"","overlay-gradient":""},"tablet":{"background-color":"","background-image":"","background-repeat":"repeat","background-position":"center center","background-size":"auto","background-attachment":"scroll","background-type":"","background-media":"","overlay-type":"","overlay-color":"","overlay-opacity":"","overlay-gradient":""},"mobile":{"background-color":"","background-image":"","background-repeat":"repeat","background-position":"center center","background-size":"auto","background-attachment":"scroll","background-type":"","background-media":"","overlay-type":"","overlay-color":"","overlay-opacity":"","overlay-gradient":""}},"ast-content-background-meta":{"desktop":{"background-color":"var(--ast-global-color-5)","background-image":"","background-repeat":"repeat","background-position":"center center","background-size":"auto","background-attachment":"scroll","background-type":"","background-media":"","overlay-type":"","overlay-color":"","overlay-opacity":"","overlay-gradient":""},"tablet":{"background-color":"var(--ast-global-color-5)","background-image":"","background-repeat":"repeat","background-position":"center center","background-size":"auto","background-attachment":"scroll","background-type":"","background-media":"","overlay-type":"","overlay-color":"","overlay-opacity":"","overlay-gradient":""},"mobile":{"background-color":"var(--ast-global-color-5)","background-image":"","background-repeat":"repeat","background-position":"center center","background-size":"auto","background-attachment":"scroll","background-type":"","background-media":"","overlay-type":"","overlay-color":"","overlay-opacity":"","overlay-gradient":""}}},"product_brand":[],"product_cat":[76,52,78],"product_tag":[],"class_list":{"0":"post-3496","1":"product","2":"type-product","3":"status-publish","4":"has-post-thumbnail","6":"product_cat-banheiro-organico","7":"product_cat-banheiro","8":"product_cat-premium","9":"desktop-align-left","10":"tablet-align-left","11":"mobile-align-left","13":"first","14":"onbackorder","15":"shipping-taxable","16":"purchasable","17":"product-type-simple"},"jetpack_sharing_enabled":true,"_links":{"self":[{"href":"https:\/\/dutydobrasil.com.br\/dt\/wp-json\/wp\/v2\/product\/3496","targetHints":{"allow":["GET"]}}],"collection":[{"href":"https:\/\/dutydobrasil.com.br\/dt\/wp-json\/wp\/v2\/product"}],"about":[{"href":"https:\/\/dutydobrasil.com.br\/dt\/wp-json\/wp\/v2\/types\/product"}],"replies":[{"embeddable":true,"href":"https:\/\/dutydobrasil.com.br\/dt\/wp-json\/wp\/v2\/comments?post=3496"}],"version-history":[{"count":2,"href":"https:\/\/dutydobrasil.com.br\/dt\/wp-json\/wp\/v2\/product\/3496\/revisions"}],"predecessor-version":[{"id":4125,"href":"https:\/\/dutydobrasil.com.br\/dt\/wp-json\/wp\/v2\/product\/3496\/revisions\/4125"}],"wp:featuredmedia":[{"embeddable":true,"href":"https:\/\/dutydobrasil.com.br\/dt\/wp-json\/wp\/v2\/media\/3574"}],"wp:attachment":[{"href":"https:\/\/dutydobrasil.com.br\/dt\/wp-json\/wp\/v2\/media?parent=3496"}],"wp:term":[{"taxonomy":"product_brand","embeddable":true,"href":"https:\/\/dutydobrasil.com.br\/dt\/wp-json\/wp\/v2\/product_brand?post=3496"},{"taxonomy":"product_cat","embeddable":true,"href":"https:\/\/dutydobrasil.com.br\/dt\/wp-json\/wp\/v2\/product_cat?post=3496"},{"taxonomy":"product_tag","embeddable":true,"href":"https:\/\/dutydobrasil.com.br\/dt\/wp-json\/wp\/v2\/product_tag?post=3496"}],"curies":[{"name":"wp","href":"https:\/\/api.w.org\/{rel}","templated":true}]}}