{"id":3492,"date":"2021-10-18T02:03:55","date_gmt":"2021-10-18T02:03:55","guid":{"rendered":"https:\/\/dutydobrasil.com.br\/dt\/?post_type=product&#038;p=3492"},"modified":"2021-10-19T12:17:25","modified_gmt":"2021-10-19T12:17:25","slug":"caiaque-robalo-pro","status":"publish","type":"product","link":"https:\/\/dutydobrasil.com.br\/dt\/produto\/caiaque-robalo-pro\/","title":{"rendered":"CAIAQUE ROBALO PRO"},"content":{"rendered":"","protected":false},"excerpt":{"rendered":"<p>Caiaque para lazer e pesca sit on top para 1 pessoa. Adequado para pesca e lazer, expedi\u00e7\u00f5es e passeios no mar, em lagos e rios de \u00e1guas calmas.<\/p>\n<p>O Robalo Pro \u00e9 a vers\u00e3o avan\u00e7ada do Robalo. Trata-se de um modelo desenvolvido para pesca, totalmente equipado, completo, com o melhor custo benef\u00edcio da categoria. Conta com cadeira em tecido que garante grande conforto e tampa de acesso ao casco na proa, al\u00e9m da novidade que s\u00e3o 6 suportes* para acess\u00f3rios diversos, como c\u00e2mera go pro, passagu\u00e1, guarda sol, bandeira de sinaliza\u00e7\u00e3o, LED de seguran\u00e7a ou qualquer outro acess\u00f3rio que voc\u00ea queira colocar em seu Caiaker. * n\u00e3o acompanham hastes de suporte ou fixadores para estes acess\u00f3rios.<br \/>\nO Robalo Pro \u00e9 um caiaque sit on top com capacidade de carga de 115 kg, 3 metros de comprimento e 0,78 m de largura que lhe proporciona boa estabilidade e performance na \u00e1gua. Conta com cadeira em tecido que garante grande conforto e tampa de acesso ao casco na proa, al\u00e9m de grande bagageiro para equipamentos, 3 porta varas, 3 compartimentos com tampa, 6 suportes para acess\u00f3rios diversos, deck antiderrapante e assento em EVA.<\/p>\n<p>Principais caracter\u00edsticas:<br \/>\n\u2013 F\u00e1cil de Remar. Boa estabilidade. Seguro, n\u00e3o afunda pois tem casco estanque<br \/>\n\u2013 Confort\u00e1vel, permite descansar e pescar. Conta com cadeira elevada em tecido com regulagem.<br \/>\n\u2013 Resistente a impactos, fabricado em polietileno de alta performance com aditivos anti descoramento<br \/>\n\u2013 Autodren\u00e1vel, furos escoam a \u00e1gua que entrar no conv\u00e9s. Conta com al\u00e7as na lateral e extremidades<br \/>\n\u2013 Disp\u00f5e de 3 porta varas, 3 compartimentos com tampa para objetos e 6 suportes para acess\u00f3rios como c\u00e2mera go pro, passagu\u00e1, led de sinaliza\u00e7\u00e3o, bandeira, etc.<br \/>\n\u2013 Bagageiro de 35 cm x 58 cm e tampa de inspe\u00e7\u00e3o na proa para acesso a parte interna do caiaque.<\/p>\n","protected":false},"featured_media":3554,"comment_status":"closed","ping_status":"closed","template":"","meta":{"site-sidebar-layout":"default","site-content-layout":"","ast-site-content-layout":"default","site-content-style":"default","site-sidebar-style":"default","ast-global-header-display":"","ast-banner-title-visibility":"","ast-main-header-display":"","ast-hfb-above-header-display":"","ast-hfb-below-header-display":"","ast-hfb-mobile-header-display":"","site-post-title":"","ast-breadcrumbs-content":"","ast-featured-img":"","footer-sml-layout":"","ast-disable-related-posts":"","theme-transparent-header-meta":"","adv-header-id-meta":"","stick-header-meta":"","header-above-stick-meta":"","header-main-stick-meta":"","header-below-stick-meta":"","astra-migrate-meta-layouts":"default","ast-page-background-enabled":"default","ast-page-background-meta":{"desktop":{"background-color":"","background-image":"","background-repeat":"repeat","background-position":"center center","background-size":"auto","background-attachment":"scroll","background-type":"","background-media":"","overlay-type":"","overlay-color":"","overlay-opacity":"","overlay-gradient":""},"tablet":{"background-color":"","background-image":"","background-repeat":"repeat","background-position":"center center","background-size":"auto","background-attachment":"scroll","background-type":"","background-media":"","overlay-type":"","overlay-color":"","overlay-opacity":"","overlay-gradient":""},"mobile":{"background-color":"","background-image":"","background-repeat":"repeat","background-position":"center center","background-size":"auto","background-attachment":"scroll","background-type":"","background-media":"","overlay-type":"","overlay-color":"","overlay-opacity":"","overlay-gradient":""}},"ast-content-background-meta":{"desktop":{"background-color":"var(--ast-global-color-5)","background-image":"","background-repeat":"repeat","background-position":"center center","background-size":"auto","background-attachment":"scroll","background-type":"","background-media":"","overlay-type":"","overlay-color":"","overlay-opacity":"","overlay-gradient":""},"tablet":{"background-color":"var(--ast-global-color-5)","background-image":"","background-repeat":"repeat","background-position":"center center","background-size":"auto","background-attachment":"scroll","background-type":"","background-media":"","overlay-type":"","overlay-color":"","overlay-opacity":"","overlay-gradient":""},"mobile":{"background-color":"var(--ast-global-color-5)","background-image":"","background-repeat":"repeat","background-position":"center center","background-size":"auto","background-attachment":"scroll","background-type":"","background-media":"","overlay-type":"","overlay-color":"","overlay-opacity":"","overlay-gradient":""}}},"product_brand":[],"product_cat":[45,46],"product_tag":[],"class_list":{"0":"post-3492","1":"product","2":"type-product","3":"status-publish","4":"has-post-thumbnail","6":"product_cat-caiaques","7":"product_cat-caiaques-caiaques","8":"desktop-align-left","9":"tablet-align-left","10":"mobile-align-left","12":"first","13":"outofstock","14":"shipping-taxable","15":"purchasable","16":"product-type-simple"},"jetpack_sharing_enabled":true,"_links":{"self":[{"href":"https:\/\/dutydobrasil.com.br\/dt\/wp-json\/wp\/v2\/product\/3492","targetHints":{"allow":["GET"]}}],"collection":[{"href":"https:\/\/dutydobrasil.com.br\/dt\/wp-json\/wp\/v2\/product"}],"about":[{"href":"https:\/\/dutydobrasil.com.br\/dt\/wp-json\/wp\/v2\/types\/product"}],"replies":[{"embeddable":true,"href":"https:\/\/dutydobrasil.com.br\/dt\/wp-json\/wp\/v2\/comments?post=3492"}],"version-history":[{"count":1,"href":"https:\/\/dutydobrasil.com.br\/dt\/wp-json\/wp\/v2\/product\/3492\/revisions"}],"predecessor-version":[{"id":3558,"href":"https:\/\/dutydobrasil.com.br\/dt\/wp-json\/wp\/v2\/product\/3492\/revisions\/3558"}],"wp:featuredmedia":[{"embeddable":true,"href":"https:\/\/dutydobrasil.com.br\/dt\/wp-json\/wp\/v2\/media\/3554"}],"wp:attachment":[{"href":"https:\/\/dutydobrasil.com.br\/dt\/wp-json\/wp\/v2\/media?parent=3492"}],"wp:term":[{"taxonomy":"product_brand","embeddable":true,"href":"https:\/\/dutydobrasil.com.br\/dt\/wp-json\/wp\/v2\/product_brand?post=3492"},{"taxonomy":"product_cat","embeddable":true,"href":"https:\/\/dutydobrasil.com.br\/dt\/wp-json\/wp\/v2\/product_cat?post=3492"},{"taxonomy":"product_tag","embeddable":true,"href":"https:\/\/dutydobrasil.com.br\/dt\/wp-json\/wp\/v2\/product_tag?post=3492"}],"curies":[{"name":"wp","href":"https:\/\/api.w.org\/{rel}","templated":true}]}}