{"id":3490,"date":"2021-10-18T02:03:55","date_gmt":"2021-10-18T02:03:55","guid":{"rendered":"https:\/\/dutydobrasil.com.br\/dt\/?post_type=product&#038;p=3490"},"modified":"2021-10-19T12:40:44","modified_gmt":"2021-10-19T12:40:44","slug":"canoa-em-fibra-de-vidro","status":"publish","type":"product","link":"https:\/\/dutydobrasil.com.br\/dt\/produto\/canoa-em-fibra-de-vidro\/","title":{"rendered":"Canoa em fibra de vidro"},"content":{"rendered":"\n<p>Canoa em fibra de vidro 8,60 metros sem motor<\/p>\n\n\n\n<p>Modelo: Rei Davi <\/p>\n\n\n\n<p>Fabricada totalmente em fibra de vidro de alta resist\u00eancia, com acabamento externo e interno em gel coat. <\/p>\n\n\n\n<p> A canoa oferece lazer e trabalho com seguran\u00e7a, existem compartimentos estanque fechados, que mesmo cheia de \u00e1gua mant\u00e9m a flutua\u00e7\u00e3o positiva, garantindo seguran\u00e7a aos seus ocupantes. <\/p>\n\n\n\n<p>Pode ser usada com motor ou \u00e0 remo. <\/p>\n\n\n\n<p>Dimens\u00f5es: <\/p>\n\n\n\n<p>Comprimento: 8,60 metros <\/p>\n\n\n\n<p>Boca: 0,86 metros <\/p>\n\n\n\n<p>Pontal: 0,44 metros <\/p>\n\n\n\n<p>Contorno: 1,70 metros<\/p>\n\n\n\n<p>Largura total: 1,20 metros<\/p>\n\n\n\n<p>Peso aproximadamente: 150 Kg <\/p>\n\n\n\n<p>Material: Fibra de vidro <\/p>\n","protected":false},"excerpt":{"rendered":"<p>Canoa em fibra de vidro 8,60 metros sem motor Modelo: Rei Davi Fabricada totalmente em fibra de vidro de alta resist\u00eancia, com acabamento externo e interno em gel coat. A canoa oferece lazer e trabalho com seguran\u00e7a, existem compartimentos estanque fechados, que mesmo cheia de \u00e1gua mant\u00e9m a flutua\u00e7\u00e3o positiva, garantindo seguran\u00e7a aos seus ocupantes. [&hellip;]<\/p>\n","protected":false},"featured_media":3543,"comment_status":"closed","ping_status":"closed","template":"","meta":{"site-sidebar-layout":"default","site-content-layout":"","ast-site-content-layout":"default","site-content-style":"default","site-sidebar-style":"default","ast-global-header-display":"","ast-banner-title-visibility":"","ast-main-header-display":"","ast-hfb-above-header-display":"","ast-hfb-below-header-display":"","ast-hfb-mobile-header-display":"","site-post-title":"","ast-breadcrumbs-content":"","ast-featured-img":"","footer-sml-layout":"","ast-disable-related-posts":"","theme-transparent-header-meta":"","adv-header-id-meta":"","stick-header-meta":"","header-above-stick-meta":"","header-main-stick-meta":"","header-below-stick-meta":"","astra-migrate-meta-layouts":"default","ast-page-background-enabled":"default","ast-page-background-meta":{"desktop":{"background-color":"","background-image":"","background-repeat":"repeat","background-position":"center center","background-size":"auto","background-attachment":"scroll","background-type":"","background-media":"","overlay-type":"","overlay-color":"","overlay-opacity":"","overlay-gradient":""},"tablet":{"background-color":"","background-image":"","background-repeat":"repeat","background-position":"center center","background-size":"auto","background-attachment":"scroll","background-type":"","background-media":"","overlay-type":"","overlay-color":"","overlay-opacity":"","overlay-gradient":""},"mobile":{"background-color":"","background-image":"","background-repeat":"repeat","background-position":"center center","background-size":"auto","background-attachment":"scroll","background-type":"","background-media":"","overlay-type":"","overlay-color":"","overlay-opacity":"","overlay-gradient":""}},"ast-content-background-meta":{"desktop":{"background-color":"var(--ast-global-color-5)","background-image":"","background-repeat":"repeat","background-position":"center center","background-size":"auto","background-attachment":"scroll","background-type":"","background-media":"","overlay-type":"","overlay-color":"","overlay-opacity":"","overlay-gradient":""},"tablet":{"background-color":"var(--ast-global-color-5)","background-image":"","background-repeat":"repeat","background-position":"center center","background-size":"auto","background-attachment":"scroll","background-type":"","background-media":"","overlay-type":"","overlay-color":"","overlay-opacity":"","overlay-gradient":""},"mobile":{"background-color":"var(--ast-global-color-5)","background-image":"","background-repeat":"repeat","background-position":"center center","background-size":"auto","background-attachment":"scroll","background-type":"","background-media":"","overlay-type":"","overlay-color":"","overlay-opacity":"","overlay-gradient":""}}},"product_brand":[],"product_cat":[65,48],"product_tag":[],"class_list":{"0":"post-3490","1":"product","2":"type-product","3":"status-publish","4":"has-post-thumbnail","6":"product_cat-canoas","7":"product_cat-embarcacoes","8":"desktop-align-left","9":"tablet-align-left","10":"mobile-align-left","12":"first","13":"onbackorder","14":"shipping-taxable","15":"purchasable","16":"product-type-simple"},"jetpack_sharing_enabled":true,"_links":{"self":[{"href":"https:\/\/dutydobrasil.com.br\/dt\/wp-json\/wp\/v2\/product\/3490","targetHints":{"allow":["GET"]}}],"collection":[{"href":"https:\/\/dutydobrasil.com.br\/dt\/wp-json\/wp\/v2\/product"}],"about":[{"href":"https:\/\/dutydobrasil.com.br\/dt\/wp-json\/wp\/v2\/types\/product"}],"replies":[{"embeddable":true,"href":"https:\/\/dutydobrasil.com.br\/dt\/wp-json\/wp\/v2\/comments?post=3490"}],"version-history":[{"count":1,"href":"https:\/\/dutydobrasil.com.br\/dt\/wp-json\/wp\/v2\/product\/3490\/revisions"}],"predecessor-version":[{"id":3547,"href":"https:\/\/dutydobrasil.com.br\/dt\/wp-json\/wp\/v2\/product\/3490\/revisions\/3547"}],"wp:featuredmedia":[{"embeddable":true,"href":"https:\/\/dutydobrasil.com.br\/dt\/wp-json\/wp\/v2\/media\/3543"}],"wp:attachment":[{"href":"https:\/\/dutydobrasil.com.br\/dt\/wp-json\/wp\/v2\/media?parent=3490"}],"wp:term":[{"taxonomy":"product_brand","embeddable":true,"href":"https:\/\/dutydobrasil.com.br\/dt\/wp-json\/wp\/v2\/product_brand?post=3490"},{"taxonomy":"product_cat","embeddable":true,"href":"https:\/\/dutydobrasil.com.br\/dt\/wp-json\/wp\/v2\/product_cat?post=3490"},{"taxonomy":"product_tag","embeddable":true,"href":"https:\/\/dutydobrasil.com.br\/dt\/wp-json\/wp\/v2\/product_tag?post=3490"}],"curies":[{"name":"wp","href":"https:\/\/api.w.org\/{rel}","templated":true}]}}