{"id":3167,"date":"2021-10-18T00:42:32","date_gmt":"2021-10-18T00:42:32","guid":{"rendered":"https:\/\/dutydobrasil.com.br\/dt\/?post_type=product&#038;p=3167"},"modified":"2023-09-20T13:29:58","modified_gmt":"2023-09-20T13:29:58","slug":"guarita-db06-240-x-240-x-220-com-banheiro","status":"publish","type":"product","link":"https:\/\/dutydobrasil.com.br\/dt\/produto\/guarita-db06-240-x-240-x-220-com-banheiro\/","title":{"rendered":"Guarita com banheiro DB06 &#8211; 2,40 x 2,40 x 2,20"},"content":{"rendered":"","protected":false},"excerpt":{"rendered":"<p style=\"text-align: left;\">Guarita modelo DB06<br \/>\nMedidas 2,40 x 2,40 x 2,20m<br \/>\nFabricada em fibra de vidro de alta resistencia<br \/>\nCores: a definir pelo cliente<br \/>\nPossui 06 janelas, sendo 01 delas com guilhotina, com vidros de 04 mm incolor, fixados em caixilhos de alum\u00ednio anodizado natural<br \/>\nBalc\u00e3o interno<br \/>\nFechaduras e dobradi\u00e7as em a\u00e7o<br \/>\n02 chaves<br \/>\nEl\u00e9trica<br \/>\nPonto de luz<br \/>\nInterruptor<br \/>\nTomada<br \/>\nPiso antiderrapante em fibra de vidro<br \/>\nO banheiro possui vaso sanit\u00e1rio e ventila\u00e7\u00e3o permanente atrav\u00e9s do teto. A porta do banheiro pode ser interna ou externa. As guaritas com sanit\u00e1rio convencional possuem vaso de lou\u00e7a sifonado, caixa de descarga e lavat\u00f3rio. Sa\u00edda do tubo do esgoto (4&#8243;) pela lateral da guarita, facilitando a instala\u00e7\u00e3o. A entrada d&#8217;\u00e1gua pode ser engatada com mangueira ou tubo 3\/4&#8243;.<br \/>\nF\u00e1cil limpeza e manuten\u00e7\u00e3o<br \/>\nResistente a intemp\u00e9ries,umidade e raios UV.<br \/>\nGrande durabilidade<br \/>\nOPCIONAIS: Pel\u00edcula solar<br \/>\nVidro temperado<br \/>\nPiso emborrachado<br \/>\nGaveta no balc\u00e3o interno<br \/>\nBalc\u00e3o externo<\/p>\n<p><strong>*Produto desenvolvido e fabricado pela DUTY DO BRASIL.<\/strong><\/p>\n","protected":false},"featured_media":4159,"comment_status":"open","ping_status":"closed","template":"","meta":{"site-sidebar-layout":"default","site-content-layout":"default","ast-site-content-layout":"default","site-content-style":"default","site-sidebar-style":"default","ast-global-header-display":"","ast-banner-title-visibility":"","ast-main-header-display":"","ast-hfb-above-header-display":"","ast-hfb-below-header-display":"","ast-hfb-mobile-header-display":"","site-post-title":"","ast-breadcrumbs-content":"","ast-featured-img":"","footer-sml-layout":"","ast-disable-related-posts":"","theme-transparent-header-meta":"default","adv-header-id-meta":"","stick-header-meta":"","header-above-stick-meta":"","header-main-stick-meta":"","header-below-stick-meta":"","astra-migrate-meta-layouts":"set","ast-page-background-enabled":"default","ast-page-background-meta":{"desktop":{"background-color":"","background-image":"","background-repeat":"repeat","background-position":"center center","background-size":"auto","background-attachment":"scroll","background-type":"","background-media":"","overlay-type":"","overlay-color":"","overlay-opacity":"","overlay-gradient":""},"tablet":{"background-color":"","background-image":"","background-repeat":"repeat","background-position":"center center","background-size":"auto","background-attachment":"scroll","background-type":"","background-media":"","overlay-type":"","overlay-color":"","overlay-opacity":"","overlay-gradient":""},"mobile":{"background-color":"","background-image":"","background-repeat":"repeat","background-position":"center center","background-size":"auto","background-attachment":"scroll","background-type":"","background-media":"","overlay-type":"","overlay-color":"","overlay-opacity":"","overlay-gradient":""}},"ast-content-background-meta":{"desktop":{"background-color":"var(--ast-global-color-5)","background-image":"","background-repeat":"repeat","background-position":"center center","background-size":"auto","background-attachment":"scroll","background-type":"","background-media":"","overlay-type":"","overlay-color":"","overlay-opacity":"","overlay-gradient":""},"tablet":{"background-color":"var(--ast-global-color-5)","background-image":"","background-repeat":"repeat","background-position":"center center","background-size":"auto","background-attachment":"scroll","background-type":"","background-media":"","overlay-type":"","overlay-color":"","overlay-opacity":"","overlay-gradient":""},"mobile":{"background-color":"var(--ast-global-color-5)","background-image":"","background-repeat":"repeat","background-position":"center center","background-size":"auto","background-attachment":"scroll","background-type":"","background-media":"","overlay-type":"","overlay-color":"","overlay-opacity":"","overlay-gradient":""}}},"product_brand":[],"product_cat":[52,75,50,53],"product_tag":[],"class_list":{"0":"post-3167","1":"product","2":"type-product","3":"status-publish","4":"has-post-thumbnail","6":"product_cat-banheiro","7":"product_cat-guarita-com-banheiro","8":"product_cat-guaritas","9":"product_cat-guaritas-com-banheiro-organico","10":"desktop-align-left","11":"tablet-align-left","12":"mobile-align-left","14":"first","15":"onbackorder","16":"shipping-taxable","17":"purchasable","18":"product-type-simple"},"jetpack_sharing_enabled":true,"_links":{"self":[{"href":"https:\/\/dutydobrasil.com.br\/dt\/wp-json\/wp\/v2\/product\/3167","targetHints":{"allow":["GET"]}}],"collection":[{"href":"https:\/\/dutydobrasil.com.br\/dt\/wp-json\/wp\/v2\/product"}],"about":[{"href":"https:\/\/dutydobrasil.com.br\/dt\/wp-json\/wp\/v2\/types\/product"}],"replies":[{"embeddable":true,"href":"https:\/\/dutydobrasil.com.br\/dt\/wp-json\/wp\/v2\/comments?post=3167"}],"version-history":[{"count":9,"href":"https:\/\/dutydobrasil.com.br\/dt\/wp-json\/wp\/v2\/product\/3167\/revisions"}],"predecessor-version":[{"id":4161,"href":"https:\/\/dutydobrasil.com.br\/dt\/wp-json\/wp\/v2\/product\/3167\/revisions\/4161"}],"wp:featuredmedia":[{"embeddable":true,"href":"https:\/\/dutydobrasil.com.br\/dt\/wp-json\/wp\/v2\/media\/4159"}],"wp:attachment":[{"href":"https:\/\/dutydobrasil.com.br\/dt\/wp-json\/wp\/v2\/media?parent=3167"}],"wp:term":[{"taxonomy":"product_brand","embeddable":true,"href":"https:\/\/dutydobrasil.com.br\/dt\/wp-json\/wp\/v2\/product_brand?post=3167"},{"taxonomy":"product_cat","embeddable":true,"href":"https:\/\/dutydobrasil.com.br\/dt\/wp-json\/wp\/v2\/product_cat?post=3167"},{"taxonomy":"product_tag","embeddable":true,"href":"https:\/\/dutydobrasil.com.br\/dt\/wp-json\/wp\/v2\/product_tag?post=3167"}],"curies":[{"name":"wp","href":"https:\/\/api.w.org\/{rel}","templated":true}]}}