{"id":3106,"date":"2021-10-18T00:41:36","date_gmt":"2021-10-18T00:41:36","guid":{"rendered":"https:\/\/dutydobrasil.com.br\/dt\/?post_type=product&#038;p=3106"},"modified":"2021-10-19T12:14:46","modified_gmt":"2021-10-19T12:14:46","slug":"caiaque-duty-thermo-fishing-com-caixa-termica","status":"publish","type":"product","link":"https:\/\/dutydobrasil.com.br\/dt\/produto\/caiaque-duty-thermo-fishing-com-caixa-termica\/","title":{"rendered":"Caiaque Duty Thermo Fishing com caixa t\u00e9rmica"},"content":{"rendered":"","protected":false},"excerpt":{"rendered":"<p><strong>Caiaque Duty Thermo Fishing<\/strong><\/p>\n<p>O caiaque Duty Thermo Fishing foi desenvolvido para oferecer conforto, comodidade e seguran\u00e7a, tornando sua pescaria ainda mais agrad\u00e1vel. O seu casco possui uma combina\u00e7\u00e3o de quilhas fixas (frisos), fazendo com que o Duty Thermo Fishing navegue com facilidade.<br \/>\nPossui uma estabilidade excelente permitindo que o pescador fa\u00e7a arremessos e pesque em p\u00e9.<br \/>\nO Duty Thermo Fishing possui uma caixa t\u00e9rmica para armazenamento de bebidas. Assim voc\u00ea ter\u00e1 sempre em m\u00e3os uma bebida gelada enquanto se diverte em sua pescaria.<br \/>\nExcelente estabilidade e capacidade de carga.<br \/>\nFabricado em fibra de vidro de alta resist\u00eancia.<br \/>\nPossui:<br \/>\nPorta varas<br \/>\nPorta iscas<br \/>\nCaixa estanque<br \/>\nSuporte para remo<br \/>\nCaixa t\u00e9rmica<br \/>\nBagageiro<br \/>\nPorta latas ou garrafa<br \/>\nAl\u00e7as para transporte<br \/>\nAl\u00e7as laterais de aux\u00edlio<br \/>\nFrisos no casco que facilitam a navega\u00e7\u00e3o<\/p>\n<p>Comprimento: 3,25 M<br \/>\nLargura: 0,82 M<br \/>\nAltura: 0,38 M<br \/>\nPeso: 29 Kg<br \/>\nCapacidade de carga: 140 kg<br \/>\n<strong><br \/>\n*Produto desenvolvido e fabricado pela DUTY DO BRASIL.<\/strong><\/p>\n","protected":false},"featured_media":3190,"comment_status":"open","ping_status":"closed","template":"","meta":{"site-sidebar-layout":"default","site-content-layout":"","ast-site-content-layout":"default","site-content-style":"default","site-sidebar-style":"default","ast-global-header-display":"","ast-banner-title-visibility":"","ast-main-header-display":"","ast-hfb-above-header-display":"","ast-hfb-below-header-display":"","ast-hfb-mobile-header-display":"","site-post-title":"","ast-breadcrumbs-content":"","ast-featured-img":"","footer-sml-layout":"","ast-disable-related-posts":"","theme-transparent-header-meta":"","adv-header-id-meta":"","stick-header-meta":"","header-above-stick-meta":"","header-main-stick-meta":"","header-below-stick-meta":"","astra-migrate-meta-layouts":"default","ast-page-background-enabled":"default","ast-page-background-meta":{"desktop":{"background-color":"","background-image":"","background-repeat":"repeat","background-position":"center center","background-size":"auto","background-attachment":"scroll","background-type":"","background-media":"","overlay-type":"","overlay-color":"","overlay-opacity":"","overlay-gradient":""},"tablet":{"background-color":"","background-image":"","background-repeat":"repeat","background-position":"center center","background-size":"auto","background-attachment":"scroll","background-type":"","background-media":"","overlay-type":"","overlay-color":"","overlay-opacity":"","overlay-gradient":""},"mobile":{"background-color":"","background-image":"","background-repeat":"repeat","background-position":"center center","background-size":"auto","background-attachment":"scroll","background-type":"","background-media":"","overlay-type":"","overlay-color":"","overlay-opacity":"","overlay-gradient":""}},"ast-content-background-meta":{"desktop":{"background-color":"var(--ast-global-color-5)","background-image":"","background-repeat":"repeat","background-position":"center center","background-size":"auto","background-attachment":"scroll","background-type":"","background-media":"","overlay-type":"","overlay-color":"","overlay-opacity":"","overlay-gradient":""},"tablet":{"background-color":"var(--ast-global-color-5)","background-image":"","background-repeat":"repeat","background-position":"center center","background-size":"auto","background-attachment":"scroll","background-type":"","background-media":"","overlay-type":"","overlay-color":"","overlay-opacity":"","overlay-gradient":""},"mobile":{"background-color":"var(--ast-global-color-5)","background-image":"","background-repeat":"repeat","background-position":"center center","background-size":"auto","background-attachment":"scroll","background-type":"","background-media":"","overlay-type":"","overlay-color":"","overlay-opacity":"","overlay-gradient":""}}},"product_brand":[],"product_cat":[46],"product_tag":[],"class_list":{"0":"post-3106","1":"product","2":"type-product","3":"status-publish","4":"has-post-thumbnail","6":"product_cat-caiaques-caiaques","7":"desktop-align-left","8":"tablet-align-left","9":"mobile-align-left","11":"first","12":"onbackorder","13":"shipping-taxable","14":"purchasable","15":"product-type-simple"},"jetpack_sharing_enabled":true,"_links":{"self":[{"href":"https:\/\/dutydobrasil.com.br\/dt\/wp-json\/wp\/v2\/product\/3106","targetHints":{"allow":["GET"]}}],"collection":[{"href":"https:\/\/dutydobrasil.com.br\/dt\/wp-json\/wp\/v2\/product"}],"about":[{"href":"https:\/\/dutydobrasil.com.br\/dt\/wp-json\/wp\/v2\/types\/product"}],"replies":[{"embeddable":true,"href":"https:\/\/dutydobrasil.com.br\/dt\/wp-json\/wp\/v2\/comments?post=3106"}],"version-history":[{"count":1,"href":"https:\/\/dutydobrasil.com.br\/dt\/wp-json\/wp\/v2\/product\/3106\/revisions"}],"predecessor-version":[{"id":3203,"href":"https:\/\/dutydobrasil.com.br\/dt\/wp-json\/wp\/v2\/product\/3106\/revisions\/3203"}],"wp:featuredmedia":[{"embeddable":true,"href":"https:\/\/dutydobrasil.com.br\/dt\/wp-json\/wp\/v2\/media\/3190"}],"wp:attachment":[{"href":"https:\/\/dutydobrasil.com.br\/dt\/wp-json\/wp\/v2\/media?parent=3106"}],"wp:term":[{"taxonomy":"product_brand","embeddable":true,"href":"https:\/\/dutydobrasil.com.br\/dt\/wp-json\/wp\/v2\/product_brand?post=3106"},{"taxonomy":"product_cat","embeddable":true,"href":"https:\/\/dutydobrasil.com.br\/dt\/wp-json\/wp\/v2\/product_cat?post=3106"},{"taxonomy":"product_tag","embeddable":true,"href":"https:\/\/dutydobrasil.com.br\/dt\/wp-json\/wp\/v2\/product_tag?post=3106"}],"curies":[{"name":"wp","href":"https:\/\/api.w.org\/{rel}","templated":true}]}}