{"id":3105,"date":"2021-10-18T00:41:36","date_gmt":"2021-10-18T00:41:36","guid":{"rendered":"https:\/\/dutydobrasil.com.br\/dt\/?post_type=product&#038;p=3105"},"modified":"2023-09-29T16:20:01","modified_gmt":"2023-09-29T16:20:01","slug":"caiaque-aquamar","status":"publish","type":"product","link":"https:\/\/dutydobrasil.com.br\/dt\/produto\/caiaque-aquamar\/","title":{"rendered":"Caiaque Aquamar"},"content":{"rendered":"","protected":false},"excerpt":{"rendered":"<h3>Caiaque Aquamar<\/h3>\n<p>Caiaque com casco duplo, fabricado em fibra de vidro de alta resist\u00eancia.<\/p>\n<p>Possui bagageiro, porta latas e garrafas.<\/p>\n<p>Acompanha remo duplo.<\/p>\n<p>Ideal para rios, represas e ba\u00edas.<\/p>\n<p>Excelente op\u00e7\u00e3o para expedi\u00e7\u00f5es.<\/p>\n<p>Caiaque modelo fechado.<br \/>\nComprimento: 3,0 m<\/p>\n<p>Largura: 0,65 m<\/p>\n<p>Altura: 0,30 m<\/p>\n<p>Peso: 23 kg<\/p>\n<p>Capacidade: 1 pessoa at\u00e9 100 kg<br \/>\nCores: amarelo,\u00a0vermelho,\u00a0verde, azul, preto ou a sua escolha.<\/p>\n<p><strong>Produto desenvolvido e fabricado pela DUTY DO BRASIL.<\/strong><\/p>\n","protected":false},"featured_media":3179,"comment_status":"open","ping_status":"closed","template":"","meta":{"site-sidebar-layout":"default","site-content-layout":"","ast-site-content-layout":"default","site-content-style":"default","site-sidebar-style":"default","ast-global-header-display":"","ast-banner-title-visibility":"","ast-main-header-display":"","ast-hfb-above-header-display":"","ast-hfb-below-header-display":"","ast-hfb-mobile-header-display":"","site-post-title":"","ast-breadcrumbs-content":"","ast-featured-img":"","footer-sml-layout":"","ast-disable-related-posts":"","theme-transparent-header-meta":"","adv-header-id-meta":"","stick-header-meta":"","header-above-stick-meta":"","header-main-stick-meta":"","header-below-stick-meta":"","astra-migrate-meta-layouts":"default","ast-page-background-enabled":"default","ast-page-background-meta":{"desktop":{"background-color":"","background-image":"","background-repeat":"repeat","background-position":"center center","background-size":"auto","background-attachment":"scroll","background-type":"","background-media":"","overlay-type":"","overlay-color":"","overlay-opacity":"","overlay-gradient":""},"tablet":{"background-color":"","background-image":"","background-repeat":"repeat","background-position":"center center","background-size":"auto","background-attachment":"scroll","background-type":"","background-media":"","overlay-type":"","overlay-color":"","overlay-opacity":"","overlay-gradient":""},"mobile":{"background-color":"","background-image":"","background-repeat":"repeat","background-position":"center center","background-size":"auto","background-attachment":"scroll","background-type":"","background-media":"","overlay-type":"","overlay-color":"","overlay-opacity":"","overlay-gradient":""}},"ast-content-background-meta":{"desktop":{"background-color":"var(--ast-global-color-5)","background-image":"","background-repeat":"repeat","background-position":"center center","background-size":"auto","background-attachment":"scroll","background-type":"","background-media":"","overlay-type":"","overlay-color":"","overlay-opacity":"","overlay-gradient":""},"tablet":{"background-color":"var(--ast-global-color-5)","background-image":"","background-repeat":"repeat","background-position":"center center","background-size":"auto","background-attachment":"scroll","background-type":"","background-media":"","overlay-type":"","overlay-color":"","overlay-opacity":"","overlay-gradient":""},"mobile":{"background-color":"var(--ast-global-color-5)","background-image":"","background-repeat":"repeat","background-position":"center center","background-size":"auto","background-attachment":"scroll","background-type":"","background-media":"","overlay-type":"","overlay-color":"","overlay-opacity":"","overlay-gradient":""}}},"product_brand":[],"product_cat":[46],"product_tag":[],"class_list":{"0":"post-3105","1":"product","2":"type-product","3":"status-publish","4":"has-post-thumbnail","6":"product_cat-caiaques-caiaques","7":"desktop-align-left","8":"tablet-align-left","9":"mobile-align-left","11":"first","12":"onbackorder","13":"shipping-taxable","14":"purchasable","15":"product-type-simple"},"jetpack_sharing_enabled":true,"_links":{"self":[{"href":"https:\/\/dutydobrasil.com.br\/dt\/wp-json\/wp\/v2\/product\/3105","targetHints":{"allow":["GET"]}}],"collection":[{"href":"https:\/\/dutydobrasil.com.br\/dt\/wp-json\/wp\/v2\/product"}],"about":[{"href":"https:\/\/dutydobrasil.com.br\/dt\/wp-json\/wp\/v2\/types\/product"}],"replies":[{"embeddable":true,"href":"https:\/\/dutydobrasil.com.br\/dt\/wp-json\/wp\/v2\/comments?post=3105"}],"version-history":[{"count":1,"href":"https:\/\/dutydobrasil.com.br\/dt\/wp-json\/wp\/v2\/product\/3105\/revisions"}],"predecessor-version":[{"id":3184,"href":"https:\/\/dutydobrasil.com.br\/dt\/wp-json\/wp\/v2\/product\/3105\/revisions\/3184"}],"wp:featuredmedia":[{"embeddable":true,"href":"https:\/\/dutydobrasil.com.br\/dt\/wp-json\/wp\/v2\/media\/3179"}],"wp:attachment":[{"href":"https:\/\/dutydobrasil.com.br\/dt\/wp-json\/wp\/v2\/media?parent=3105"}],"wp:term":[{"taxonomy":"product_brand","embeddable":true,"href":"https:\/\/dutydobrasil.com.br\/dt\/wp-json\/wp\/v2\/product_brand?post=3105"},{"taxonomy":"product_cat","embeddable":true,"href":"https:\/\/dutydobrasil.com.br\/dt\/wp-json\/wp\/v2\/product_cat?post=3105"},{"taxonomy":"product_tag","embeddable":true,"href":"https:\/\/dutydobrasil.com.br\/dt\/wp-json\/wp\/v2\/product_tag?post=3105"}],"curies":[{"name":"wp","href":"https:\/\/api.w.org\/{rel}","templated":true}]}}